{"id":719,"date":"2020-03-26T19:50:06","date_gmt":"2020-03-26T16:50:06","guid":{"rendered":"http:\/\/emr2020.idu.edu.tr\/?page_id=719"},"modified":"2020-03-26T19:51:23","modified_gmt":"2020-03-26T16:51:23","slug":"riskli-bebeklerde-erken-mudahale-ve-rehabilitasyon-sempozyumu-ileri-bir-tarihe-ertelenmistir","status":"publish","type":"page","link":"https:\/\/emr2020.idu.edu.tr\/","title":{"rendered":"COVID-19 Pandemisi Nedeniyle \u00d6nemli A\u00e7\u0131klama"},"content":{"rendered":"<p><\/p>\n<h3 style=\"text-align: center;\"><strong>Say\u0131n Kat\u0131l\u0131mc\u0131lar\u0131m\u0131z,<\/strong><\/h3>\n<h3 style=\"text-align: center;\">Bildi\u011finiz gibi t\u00fcm d\u00fcnyay\u0131 etkisi alt\u0131na alan COVID-19 pandemisinin etkisini azaltmak ad\u0131na gerek yurt i\u00e7i gerekse yurt d\u0131\u015f\u0131ndaki aktivitelere yeni tedbir ve d\u00fczenlemeler getirilmek zorunda kal\u0131nm\u0131\u015ft\u0131r.<\/h3>\n<h3 style=\"text-align: center;\">Bu nedenle \u0130zmir Demokrasi \u00dcniversitesi Sa\u011fl\u0131k Bilimleri Fak\u00fcltesi Fizyoterapi ve Rehabilitasyon B\u00f6l\u00fcm\u00fc taraf\u0131ndan 10 Nisan 2020 tarihinde ger\u00e7ekle\u015ftirilmesi planlanan <strong>\u201cRiskli Bebeklerde Erken M\u00fcdahale ve Rehabilitasyon Sempozyumu\u201d<\/strong> <strong>ileri bir tarihe ertelenmi\u015ftir<\/strong>. Pandeminin seyrine g\u00f6re belirlenecek olan yeni tarih, ileriki zamanlarda sizlerle payla\u015f\u0131lacakt\u0131r.<\/h3>\n<h3 style=\"text-align: center;\">\u0130lginize \u00e7ok te\u015fekk\u00fcr eder, sa\u011fl\u0131kl\u0131 g\u00fcnlerde birlikte olmay\u0131 temenni ederiz.<\/h3>\n<h3 style=\"text-align: center;\"><strong>Sayg\u0131lar\u0131m\u0131zla,<\/strong><\/h3>\n<h3 style=\"text-align: center;\"><strong>\u00a0<\/strong><\/h3>\n<h3 style=\"text-align: center;\"><strong>Kongre Onursal Ba\u015fkan\u0131 Prof. Dr. Bedriye TUN\u00c7S\u0130PER<\/strong><\/h3>\n<h3 style=\"text-align: center;\"><strong>ve<\/strong><\/h3>\n<h3 style=\"text-align: center;\"><strong>Sempozyum D\u00fczenleme Kurulu<\/strong><\/h3>\n<h3 style=\"text-align: center;\"><\/h3>\n<p><\/p>","protected":false},"excerpt":{"rendered":"<p>Say\u0131n Kat\u0131l\u0131mc\u0131lar\u0131m\u0131z, Bildi\u011finiz gibi t\u00fcm d\u00fcnyay\u0131 etkisi alt\u0131na alan COVID-19 pandemisinin etkisini azaltmak ad\u0131na gerek yurt i\u00e7i gerekse yurt d\u0131\u015f\u0131ndaki aktivitelere yeni tedbir ve d\u00fczenlemeler getirilmek zorunda kal\u0131nm\u0131\u015ft\u0131r. Bu nedenle \u0130zmir Demokrasi \u00dcniversitesi Sa\u011fl\u0131k Bilimleri Fak\u00fcltesi Fizyoterapi ve Rehabilitasyon B\u00f6l\u00fcm\u00fc taraf\u0131ndan 10 Nisan 2020 tarihinde ger\u00e7ekle\u015ftirilmesi planlanan \u201cRiskli Bebeklerde Erken M\u00fcdahale ve Rehabilitasyon Sempozyumu\u201d ileri bir tarihe ertelenmi\u015ftir. Pandeminin seyrine g\u00f6re belirlenecek olan yeni tarih, ileriki zamanlarda sizlerle payla\u015f\u0131lacakt\u0131r. \u0130lginize \u00e7ok te\u015fekk\u00fcr eder, sa\u011fl\u0131kl\u0131 g\u00fcnlerde birlikte olmay\u0131 temenni ederiz. Sayg\u0131lar\u0131m\u0131zla, \u00a0 Kongre Onursal Ba\u015fkan\u0131 Prof. Dr. Bedriye TUN\u00c7S\u0130PER ve Sempozyum D\u00fczenleme Kurulu<\/p>\n","protected":false},"author":1,"featured_media":0,"parent":0,"menu_order":0,"comment_status":"closed","ping_status":"closed","template":"","meta":{"footnotes":""},"class_list":["post-719","page","type-page","status-publish","hentry"],"_links":{"self":[{"href":"https:\/\/emr2020.idu.edu.tr\/index.php\/wp-json\/wp\/v2\/pages\/719","targetHints":{"allow":["GET"]}}],"collection":[{"href":"https:\/\/emr2020.idu.edu.tr\/index.php\/wp-json\/wp\/v2\/pages"}],"about":[{"href":"https:\/\/emr2020.idu.edu.tr\/index.php\/wp-json\/wp\/v2\/types\/page"}],"author":[{"embeddable":true,"href":"https:\/\/emr2020.idu.edu.tr\/index.php\/wp-json\/wp\/v2\/users\/1"}],"replies":[{"embeddable":true,"href":"https:\/\/emr2020.idu.edu.tr\/index.php\/wp-json\/wp\/v2\/comments?post=719"}],"version-history":[{"count":3,"href":"https:\/\/emr2020.idu.edu.tr\/index.php\/wp-json\/wp\/v2\/pages\/719\/revisions"}],"predecessor-version":[{"id":723,"href":"https:\/\/emr2020.idu.edu.tr\/index.php\/wp-json\/wp\/v2\/pages\/719\/revisions\/723"}],"wp:attachment":[{"href":"https:\/\/emr2020.idu.edu.tr\/index.php\/wp-json\/wp\/v2\/media?parent=719"}],"curies":[{"name":"wp","href":"https:\/\/api.w.org\/{rel}","templated":true}]}}