{"id":484,"date":"2020-01-10T14:52:11","date_gmt":"2020-01-10T11:52:11","guid":{"rendered":"http:\/\/iches2020.idu.edu.tr\/?page_id=484"},"modified":"2020-01-29T22:07:50","modified_gmt":"2020-01-29T19:07:50","slug":"general-information","status":"publish","type":"page","link":"https:\/\/emr2020.idu.edu.tr\/index.php\/general-information\/","title":{"rendered":"GENEL B\u0130LG\u0130LER"},"content":{"rendered":"<p><strong>Sempozyum \u00dccreti<\/strong><\/p>\n<p>Sempozyumumuz \u00fccretsizdir, ancak kay\u0131t \u015fartt\u0131r.<\/p>\n<p>&nbsp;<\/p>\n<p><strong>Sempozyum Tarihi ve Yeri<\/strong><\/p>\n<p>\u0130zmir Demokrasi \u00dcniversitesi <strong>Riskli Bebeklerde Erken M\u00fcdahale ve Rehabilitasyon Sempozyumu<\/strong> <strong>10\u00a0Nisan 2020 <\/strong>tarihinde \u0130zmir Demokrasi \u00dcniversitesi Ana Yerle\u015fkesi, Konferans Salonu, \u0130zmir\u2019de yap\u0131lacakt\u0131r.<\/p>\n<p><strong>Adres:<\/strong><br \/>\n\u0130zmir Demokrasi \u00dcniversitesi<\/p>\n<p>G\u00fcrsel Aksel Bulvar\u0131 No:14; \u00dc\u00e7kuyular\/Karaba\u011flar \u0130zmir \/ T\u00dcRK\u0130YE<\/p>\n<p>&nbsp;<\/p>\n<p><strong>Sempozyum Dili<\/strong><\/p>\n<p>Sempozyum dili T\u00fcrk\u00e7e olacakt\u0131r.<\/p>\n<p>&nbsp;<\/p>\n<p><strong>Sempozyum \u0130nternet Sayfas\u0131<\/strong><\/p>\n<p>Sempozyum ile ilgili t\u00fcm duyurular\u0131n takip edilebilmesi amac\u0131yla sempozyum internet sayfas\u0131 d\u00fczenlenmi\u015ftir.<\/p>\n<p>&nbsp;<\/p>\n<p><strong>Davet Mektubu<\/strong><\/p>\n<p>Kat\u0131l\u0131mc\u0131lar\u0131n talep etmeleri durumunda davet mektubu g\u00f6nderilecektir. Davet mektubu g\u00f6nderilmesinin amac\u0131 sadece kat\u0131l\u0131mc\u0131lar\u0131n ba\u011fl\u0131 bulunduklar\u0131 kurumlardan izin alabilmesine yard\u0131mc\u0131 olmakt\u0131r.<\/p>\n<p>&nbsp;<\/p>\n<p><strong>Kat\u0131l\u0131m Sertifikas\u0131<\/strong><\/p>\n<p>Sempozyum kay\u0131t yapt\u0131ran t\u00fcm kat\u0131l\u0131mc\u0131lara sempozyum kat\u0131l\u0131m sertifikas\u0131 verilecektir.<\/p>\n<p>&nbsp;<\/p>\n<p><strong>Yaka Kart\u0131<\/strong><\/p>\n<p>Kat\u0131l\u0131mc\u0131lar\u0131n ve \u015firket temsilcilerinin bilimsel toplant\u0131lara kat\u0131lmalar\u0131 s\u0131ras\u0131nda ve stant alanlar\u0131na giri\u015fte yaka kartlar\u0131n\u0131 mutlaka takmas\u0131 gerekmektedir.<\/p>\n<p>&nbsp;<\/p>\n<p><strong>Turist Bilgisi<\/strong><\/p>\n<p>L\u00fctfen \u0130zmir turist bilgisi i\u00e7in\u00a0<a href=\"https:\/\/www.izmir.bel.tr\/tr\/Yayin\/145\/225#dergi\/sayfa1\">buraya t\u0131klay\u0131n\u0131z<\/a><\/p>\n<p>&nbsp;<\/p>\n<p><strong>\u0130zmir <\/strong><\/p>\n<p>T\u00fcrkiye\u2019nin \u00fc\u00e7\u00fcnc\u00fc b\u00fcy\u00fck kenti olan \u0130zmir; geli\u015fmi\u015f ve \u00e7a\u011fda\u015f bir kent olmas\u0131n\u0131n yan\u0131 s\u0131ra\u00a0\u00f6nemli bir sanat, k\u00fclt\u00fcr, ticaret ve turizm\u00a0merkezidir. \u0130zmir onlarca mavi bayrakl\u0131 plaj\u0131 bar\u0131nd\u0131rmakta olup mavinin her tonunu bulabilece\u011finiz temiz denizi ve bir\u00e7ok pop\u00fcler tatil beldesiyle g\u00fcne\u015f, kum, deniz tatili dendi\u011finde ilk akla gelen \u015fehirlerden birisidir. Buna ek olarak, \u0130zmir 8.500 y\u0131l boyunca Antik Yunanl\u0131lardan Perslere, Romal\u0131lardan Osmanl\u0131lara bir\u00e7ok farkl\u0131 k\u00fclt\u00fcrlere ev sahipli\u011fi yapmas\u0131 sebebiyle bir\u00e7ok \u00f6nemli arkeolojik ve tarihi de\u011ferleri bir arada sunmaktad\u0131r. Antik D\u00f6nem&#8217;in \u00fcnl\u00fc tarih\u00e7isi Herodot, \u0130zmir\u2019in g\u00fczelli\u011fini \u015fu s\u00f6zleriyle anlatm\u0131\u015ft\u0131r: &#8220;Onlar kentlerini bizim yery\u00fcz\u00fcnde bildi\u011fimiz en g\u00fczel g\u00f6ky\u00fcz\u00fc ve en g\u00fczel iklimlerinde kurdular&#8230;&#8221;. \u00dclkemizin en hayat dolu \u015fehirlerinden birisi olan \u201cG\u00fczel \u0130zmir\u201d ke\u015ffetmeniz i\u00e7in sizleri bekliyor.<\/p>\n<p><img loading=\"lazy\" decoding=\"async\" class=\"alignnone wp-image-487\" src=\"http:\/\/iches2020.idu.edu.tr\/wp-content\/uploads\/2020\/01\/celsus-2670527_960_720.jpg\" alt=\"\" width=\"571\" height=\"291\" srcset=\"https:\/\/emr2020.idu.edu.tr\/wp-content\/uploads\/2020\/01\/celsus-2670527_960_720.jpg 960w, https:\/\/emr2020.idu.edu.tr\/wp-content\/uploads\/2020\/01\/celsus-2670527_960_720-300x153.jpg 300w, https:\/\/emr2020.idu.edu.tr\/wp-content\/uploads\/2020\/01\/celsus-2670527_960_720-768x391.jpg 768w\" sizes=\"auto, (max-width: 571px) 100vw, 571px\" \/><\/p>\n<p><img loading=\"lazy\" decoding=\"async\" class=\"alignnone wp-image-489\" src=\"http:\/\/iches2020.idu.edu.tr\/wp-content\/uploads\/2020\/01\/Fo\u00e7a.jpg\" alt=\"\" width=\"572\" height=\"269\" srcset=\"https:\/\/emr2020.idu.edu.tr\/wp-content\/uploads\/2020\/01\/Fo\u00e7a.jpg 800w, https:\/\/emr2020.idu.edu.tr\/wp-content\/uploads\/2020\/01\/Fo\u00e7a-300x141.jpg 300w, https:\/\/emr2020.idu.edu.tr\/wp-content\/uploads\/2020\/01\/Fo\u00e7a-768x361.jpg 768w\" sizes=\"auto, (max-width: 572px) 100vw, 572px\" \/><\/p>\n<p><strong>\u0130zmir Demokrasi \u00dcniversitesi Sa\u011fl\u0131k Bilimleri Fak\u00fcltesi<\/strong><\/p>\n<p>2018 y\u0131l\u0131nda Beslenme ve Diyetetik, Fizyoterapi ve Rehabilitasyon, Hem\u015firelik ve Spor Bilimleri olmak \u00fczere 4 b\u00f6l\u00fcm ile E\u011fitim-\u00d6\u011fretim faaliyetlerine ba\u015flam\u0131\u015f olan \u0130zmir Demokrasi \u00dcniversitesi Sa\u011fl\u0131k Bilimleri Fak\u00fcltesi, k\u0131sa s\u00fcre i\u00e7erisinde yapt\u0131\u011f\u0131 ara\u015ft\u0131rma ve e\u011fitim faaliyetleri ile h\u0131zla b\u00fcy\u00fcmesine devam etmektedir. Buna ek olarak, 2019 y\u0131l\u0131nda Sa\u011fl\u0131k Hizmetleri Meslek Y\u00fcksekokulu b\u00fcnyesinde Ya\u015fl\u0131 Bak\u0131m\u0131 \u00f6n lisans program\u0131na \u00f6\u011frenci alarak Sa\u011fl\u0131k Profesyoneli yeti\u015ftirme konusunda \u00f6nemli bir e\u011fitim kurumu haline gelmi\u015ftir.<\/p>\n<p>G\u00fcn\u00fcm\u00fczde insan sa\u011fl\u0131\u011f\u0131na y\u00f6nelik ara\u015ft\u0131rmalar\u0131n ve hizmetlerin kapsam\u0131 sadece hastal\u0131klar\u0131n tedavi edilmesi ile s\u0131n\u0131rland\u0131r\u0131lmamal\u0131d\u0131r. Sa\u011fl\u0131\u011f\u0131n s\u00fcrd\u00fcr\u00fclebilirli\u011fi ve hastal\u0131klar\u0131n \u00f6nlenmesi de hastal\u0131klar\u0131n tedavi edilmesi kadar \u00f6nem arz etmektedir. Bu sebeple sa\u011fl\u0131k bilimleri alan\u0131nda yer alan meslek gruplar\u0131n\u0131n \u00e7ok disiplinli bir yakla\u015f\u0131m i\u00e7inde \u00e7al\u0131\u015fmalar\u0131n\u0131 s\u00fcrd\u00fcrmeleri gerekmektedir. \u0130zmir Demokrasi \u00dcniversitesi Sa\u011fl\u0131k Bilimleri Fak\u00fcltesi, \u00e7ok disiplinli yakla\u015f\u0131m\u0131 hem e\u011fitim-\u00f6\u011fretim programlar\u0131 hem de yap\u0131lanmas\u0131 ile uygulamaktad\u0131r. \u0130zmir Demokrasi \u00dcniversitesi Sa\u011fl\u0131k Bilimleri Fak\u00fcltesi, milli ve manevi de\u011ferlerin rehberli\u011finde bilim ve teknoloji alan\u0131nda \u00fcst d\u00fczey e\u011fitim alm\u0131\u015f, kendini s\u00fcrekli olarak geli\u015ftirmeyi ama\u00e7layan ve bilgiye ula\u015fma yollar\u0131n\u0131 bilen, \u00e7ok iyi ileti\u015fim becerilerine sahip olan, hem gerekli durumlarda ekip \u00e7al\u0131\u015fmas\u0131 yapabilen ve hem de liderlik vas\u0131flar\u0131 kazanm\u0131\u015f, etik kurallara sayg\u0131l\u0131, \u00fclkemizin ihtiya\u00e7lar\u0131 do\u011frultusunda y\u00fcksek kaliteli sa\u011fl\u0131k hizmeti sunmay\u0131 ve toplumun ya\u015fam kalitesini artt\u0131rmay\u0131 kendine en \u00f6nemli g\u00f6rev edinmi\u015f olan Sa\u011fl\u0131k Profesyonelleri ve Sa\u011fl\u0131k Teknikerlerini yeti\u015ftirmeyi ama\u00e7lamaktad\u0131r.<\/p>\n<p><img loading=\"lazy\" decoding=\"async\" class=\"alignnone wp-image-491\" src=\"http:\/\/iches2020.idu.edu.tr\/wp-content\/uploads\/2020\/01\/20200110_143448.jpg\" alt=\"\" width=\"573\" height=\"430\" srcset=\"https:\/\/emr2020.idu.edu.tr\/wp-content\/uploads\/2020\/01\/20200110_143448.jpg 1200w, https:\/\/emr2020.idu.edu.tr\/wp-content\/uploads\/2020\/01\/20200110_143448-300x225.jpg 300w, https:\/\/emr2020.idu.edu.tr\/wp-content\/uploads\/2020\/01\/20200110_143448-1024x768.jpg 1024w, https:\/\/emr2020.idu.edu.tr\/wp-content\/uploads\/2020\/01\/20200110_143448-768x576.jpg 768w, https:\/\/emr2020.idu.edu.tr\/wp-content\/uploads\/2020\/01\/20200110_143448-1140x855.jpg 1140w\" sizes=\"auto, (max-width: 573px) 100vw, 573px\" \/><\/p>","protected":false},"excerpt":{"rendered":"<p>Sempozyum \u00dccreti Sempozyumumuz \u00fccretsizdir, ancak kay\u0131t \u015fartt\u0131r. &nbsp; Sempozyum Tarihi ve Yeri \u0130zmir Demokrasi \u00dcniversitesi Riskli Bebeklerde Erken M\u00fcdahale ve Rehabilitasyon Sempozyumu 10\u00a0Nisan 2020 tarihinde \u0130zmir Demokrasi \u00dcniversitesi Ana Yerle\u015fkesi, Konferans Salonu, \u0130zmir\u2019de yap\u0131lacakt\u0131r. Adres: \u0130zmir Demokrasi \u00dcniversitesi G\u00fcrsel Aksel Bulvar\u0131 No:14; \u00dc\u00e7kuyular\/Karaba\u011flar \u0130zmir \/ T\u00dcRK\u0130YE &nbsp; Sempozyum Dili Sempozyum dili T\u00fcrk\u00e7e olacakt\u0131r. &nbsp; Sempozyum \u0130nternet Sayfas\u0131 Sempozyum ile ilgili t\u00fcm duyurular\u0131n takip edilebilmesi amac\u0131yla sempozyum internet sayfas\u0131 d\u00fczenlenmi\u015ftir. &nbsp; Davet Mektubu Kat\u0131l\u0131mc\u0131lar\u0131n talep etmeleri durumunda davet mektubu g\u00f6nderilecektir. Davet mektubu g\u00f6nderilmesinin amac\u0131 sadece kat\u0131l\u0131mc\u0131lar\u0131n ba\u011fl\u0131 bulunduklar\u0131 kurumlardan izin alabilmesine yard\u0131mc\u0131 olmakt\u0131r. &nbsp; Kat\u0131l\u0131m Sertifikas\u0131 Sempozyum kay\u0131t yapt\u0131ran t\u00fcm kat\u0131l\u0131mc\u0131lara sempozyum kat\u0131l\u0131m sertifikas\u0131 verilecektir. &nbsp; Yaka Kart\u0131 Kat\u0131l\u0131mc\u0131lar\u0131n ve \u015firket temsilcilerinin bilimsel toplant\u0131lara kat\u0131lmalar\u0131 s\u0131ras\u0131nda ve stant alanlar\u0131na giri\u015fte yaka kartlar\u0131n\u0131 mutlaka takmas\u0131 gerekmektedir. &nbsp; Turist Bilgisi L\u00fctfen \u0130zmir turist bilgisi i\u00e7in\u00a0buraya t\u0131klay\u0131n\u0131z &nbsp; \u0130zmir T\u00fcrkiye\u2019nin \u00fc\u00e7\u00fcnc\u00fc b\u00fcy\u00fck kenti olan \u0130zmir; geli\u015fmi\u015f ve \u00e7a\u011fda\u015f bir kent olmas\u0131n\u0131n yan\u0131 s\u0131ra\u00a0\u00f6nemli bir sanat, k\u00fclt\u00fcr, ticaret ve turizm\u00a0merkezidir. \u0130zmir onlarca mavi bayrakl\u0131 plaj\u0131 bar\u0131nd\u0131rmakta olup mavinin her tonunu bulabilece\u011finiz temiz denizi ve bir\u00e7ok pop\u00fcler tatil beldesiyle g\u00fcne\u015f, kum, deniz tatili dendi\u011finde ilk akla gelen \u015fehirlerden birisidir. Buna ek olarak, \u0130zmir 8.500 y\u0131l boyunca Antik Yunanl\u0131lardan Perslere, Romal\u0131lardan Osmanl\u0131lara bir\u00e7ok farkl\u0131 k\u00fclt\u00fcrlere ev sahipli\u011fi yapmas\u0131 sebebiyle bir\u00e7ok \u00f6nemli arkeolojik ve tarihi de\u011ferleri bir arada sunmaktad\u0131r. Antik D\u00f6nem&#8217;in \u00fcnl\u00fc tarih\u00e7isi Herodot, \u0130zmir\u2019in g\u00fczelli\u011fini \u015fu s\u00f6zleriyle anlatm\u0131\u015ft\u0131r: &#8220;Onlar kentlerini bizim yery\u00fcz\u00fcnde bildi\u011fimiz en g\u00fczel g\u00f6ky\u00fcz\u00fc ve en g\u00fczel iklimlerinde kurdular&#8230;&#8221;. \u00dclkemizin en hayat dolu \u015fehirlerinden birisi olan \u201cG\u00fczel \u0130zmir\u201d ke\u015ffetmeniz i\u00e7in sizleri bekliyor. \u0130zmir Demokrasi \u00dcniversitesi Sa\u011fl\u0131k Bilimleri Fak\u00fcltesi 2018 y\u0131l\u0131nda Beslenme ve Diyetetik, Fizyoterapi ve Rehabilitasyon, Hem\u015firelik ve Spor Bilimleri olmak \u00fczere 4 b\u00f6l\u00fcm ile E\u011fitim-\u00d6\u011fretim faaliyetlerine ba\u015flam\u0131\u015f olan \u0130zmir Demokrasi \u00dcniversitesi Sa\u011fl\u0131k Bilimleri Fak\u00fcltesi, k\u0131sa s\u00fcre i\u00e7erisinde yapt\u0131\u011f\u0131 ara\u015ft\u0131rma ve e\u011fitim faaliyetleri ile h\u0131zla b\u00fcy\u00fcmesine devam etmektedir. Buna ek olarak, 2019 y\u0131l\u0131nda Sa\u011fl\u0131k Hizmetleri Meslek Y\u00fcksekokulu b\u00fcnyesinde Ya\u015fl\u0131 Bak\u0131m\u0131 \u00f6n lisans program\u0131na \u00f6\u011frenci alarak Sa\u011fl\u0131k Profesyoneli yeti\u015ftirme konusunda \u00f6nemli bir e\u011fitim kurumu haline gelmi\u015ftir. G\u00fcn\u00fcm\u00fczde insan sa\u011fl\u0131\u011f\u0131na y\u00f6nelik ara\u015ft\u0131rmalar\u0131n ve hizmetlerin kapsam\u0131 sadece hastal\u0131klar\u0131n tedavi edilmesi ile s\u0131n\u0131rland\u0131r\u0131lmamal\u0131d\u0131r. Sa\u011fl\u0131\u011f\u0131n s\u00fcrd\u00fcr\u00fclebilirli\u011fi ve hastal\u0131klar\u0131n \u00f6nlenmesi de hastal\u0131klar\u0131n tedavi edilmesi kadar \u00f6nem arz etmektedir. Bu sebeple sa\u011fl\u0131k bilimleri alan\u0131nda yer alan meslek gruplar\u0131n\u0131n \u00e7ok disiplinli bir yakla\u015f\u0131m i\u00e7inde \u00e7al\u0131\u015fmalar\u0131n\u0131 s\u00fcrd\u00fcrmeleri gerekmektedir. \u0130zmir Demokrasi \u00dcniversitesi Sa\u011fl\u0131k Bilimleri Fak\u00fcltesi, \u00e7ok disiplinli yakla\u015f\u0131m\u0131 hem e\u011fitim-\u00f6\u011fretim programlar\u0131 hem de yap\u0131lanmas\u0131 ile uygulamaktad\u0131r. \u0130zmir Demokrasi \u00dcniversitesi Sa\u011fl\u0131k Bilimleri Fak\u00fcltesi, milli ve manevi de\u011ferlerin rehberli\u011finde bilim ve teknoloji alan\u0131nda \u00fcst d\u00fczey e\u011fitim alm\u0131\u015f, kendini s\u00fcrekli olarak geli\u015ftirmeyi ama\u00e7layan ve bilgiye ula\u015fma yollar\u0131n\u0131 bilen, \u00e7ok iyi ileti\u015fim becerilerine sahip olan, hem gerekli durumlarda ekip \u00e7al\u0131\u015fmas\u0131 yapabilen ve hem de liderlik vas\u0131flar\u0131 kazanm\u0131\u015f, etik kurallara sayg\u0131l\u0131, \u00fclkemizin ihtiya\u00e7lar\u0131 do\u011frultusunda y\u00fcksek kaliteli sa\u011fl\u0131k hizmeti sunmay\u0131 ve toplumun ya\u015fam kalitesini artt\u0131rmay\u0131 kendine en \u00f6nemli g\u00f6rev edinmi\u015f olan Sa\u011fl\u0131k Profesyonelleri ve Sa\u011fl\u0131k Teknikerlerini yeti\u015ftirmeyi ama\u00e7lamaktad\u0131r.<\/p>\n","protected":false},"author":1,"featured_media":0,"parent":0,"menu_order":0,"comment_status":"closed","ping_status":"closed","template":"","meta":{"footnotes":""},"class_list":["post-484","page","type-page","status-publish","hentry"],"_links":{"self":[{"href":"https:\/\/emr2020.idu.edu.tr\/index.php\/wp-json\/wp\/v2\/pages\/484","targetHints":{"allow":["GET"]}}],"collection":[{"href":"https:\/\/emr2020.idu.edu.tr\/index.php\/wp-json\/wp\/v2\/pages"}],"about":[{"href":"https:\/\/emr2020.idu.edu.tr\/index.php\/wp-json\/wp\/v2\/types\/page"}],"author":[{"embeddable":true,"href":"https:\/\/emr2020.idu.edu.tr\/index.php\/wp-json\/wp\/v2\/users\/1"}],"replies":[{"embeddable":true,"href":"https:\/\/emr2020.idu.edu.tr\/index.php\/wp-json\/wp\/v2\/comments?post=484"}],"version-history":[{"count":28,"href":"https:\/\/emr2020.idu.edu.tr\/index.php\/wp-json\/wp\/v2\/pages\/484\/revisions"}],"predecessor-version":[{"id":633,"href":"https:\/\/emr2020.idu.edu.tr\/index.php\/wp-json\/wp\/v2\/pages\/484\/revisions\/633"}],"wp:attachment":[{"href":"https:\/\/emr2020.idu.edu.tr\/index.php\/wp-json\/wp\/v2\/media?parent=484"}],"curies":[{"name":"wp","href":"https:\/\/api.w.org\/{rel}","templated":true}]}}