{"id":43,"date":"2019-11-15T15:06:12","date_gmt":"2019-11-15T15:06:12","guid":{"rendered":"http:\/\/makon.idu.edu.tr\/?page_id=43"},"modified":"2020-02-04T21:26:18","modified_gmt":"2020-02-04T18:26:18","slug":"iletisim","status":"publish","type":"page","link":"https:\/\/emr2020.idu.edu.tr\/index.php\/iletisim\/","title":{"rendered":"\u0130leti\u015fim"},"content":{"rendered":"<p><strong>Adres<\/strong><br \/>\u0130zmir Demokrasi \u00dcniversitesi<\/p>\r\n<p>G\u00fcrsel Aksel Bulvar\u0131 No:14 \u00dc\u00e7kuyular\/Karaba\u011flar \u0130zmir \/ T\u00dcRK\u0130YE<\/p>\r\n\r\n<p>&nbsp;<\/p>\r\n\r\n<p><strong>D\u00fczenleme Kurulu \u0130leti\u015fim<\/strong><\/p>\r\n<p>Dr. \u00d6\u011fr. \u00dcyesi Sevil \u00dcZER :+ 90 232 260 10 01 (Dahili 720)<\/p>\r\n\r\n<p>&nbsp;<\/p>\r\n\r\n<p><strong>\u0130leti\u015fim E-posta:<\/strong> erkenmudahale@idu.edu.tr\u00a0<\/p>\r\n\r\n<p>&nbsp;<\/p>\r\n\r\n<p>&nbsp;<\/p>\r\n\r\n<p>&nbsp;<\/p>\r\n\r\n<p>&nbsp;<\/p>\r\n\r\n<p>&nbsp;<\/p>\r\n\r\n<p>&nbsp;<\/p>\r\n\r\n<p>&nbsp;<\/p>\r\n\r\n<p>&nbsp;<\/p>\r\n\r\n<p>&nbsp;<\/p>\r\n\r\n<p>&nbsp;<\/p>\r\n\r\n<p>&nbsp;<\/p>\r\n\r\n<p><iframe loading=\"lazy\" src=\"https:\/\/www.google.com\/maps\/d\/embed?mid=1GAc5KhGngDwvx7ZZ7jCYAg1uxKtY5jep\" width=\"640\" height=\"480\"><\/iframe><\/p>","protected":false},"excerpt":{"rendered":"<p>Adres\u0130zmir Demokrasi \u00dcniversitesi G\u00fcrsel Aksel Bulvar\u0131 No:14 \u00dc\u00e7kuyular\/Karaba\u011flar \u0130zmir \/ T\u00dcRK\u0130YE &nbsp; D\u00fczenleme Kurulu \u0130leti\u015fim Dr. \u00d6\u011fr. \u00dcyesi Sevil \u00dcZER :+ 90 232 260 10 01 (Dahili 720) &nbsp; \u0130leti\u015fim E-posta: erkenmudahale@idu.edu.tr\u00a0 &nbsp; &nbsp; &nbsp; &nbsp; &nbsp; &nbsp; &nbsp; &nbsp; &nbsp; &nbsp; &nbsp;<\/p>\n","protected":false},"author":1,"featured_media":0,"parent":0,"menu_order":0,"comment_status":"closed","ping_status":"closed","template":"","meta":{"footnotes":""},"class_list":["post-43","page","type-page","status-publish","hentry"],"_links":{"self":[{"href":"https:\/\/emr2020.idu.edu.tr\/index.php\/wp-json\/wp\/v2\/pages\/43","targetHints":{"allow":["GET"]}}],"collection":[{"href":"https:\/\/emr2020.idu.edu.tr\/index.php\/wp-json\/wp\/v2\/pages"}],"about":[{"href":"https:\/\/emr2020.idu.edu.tr\/index.php\/wp-json\/wp\/v2\/types\/page"}],"author":[{"embeddable":true,"href":"https:\/\/emr2020.idu.edu.tr\/index.php\/wp-json\/wp\/v2\/users\/1"}],"replies":[{"embeddable":true,"href":"https:\/\/emr2020.idu.edu.tr\/index.php\/wp-json\/wp\/v2\/comments?post=43"}],"version-history":[{"count":21,"href":"https:\/\/emr2020.idu.edu.tr\/index.php\/wp-json\/wp\/v2\/pages\/43\/revisions"}],"predecessor-version":[{"id":680,"href":"https:\/\/emr2020.idu.edu.tr\/index.php\/wp-json\/wp\/v2\/pages\/43\/revisions\/680"}],"wp:attachment":[{"href":"https:\/\/emr2020.idu.edu.tr\/index.php\/wp-json\/wp\/v2\/media?parent=43"}],"curies":[{"name":"wp","href":"https:\/\/api.w.org\/{rel}","templated":true}]}}