{"id":16,"date":"2019-11-15T14:42:45","date_gmt":"2019-11-15T14:42:45","guid":{"rendered":"http:\/\/makon.idu.edu.tr\/?page_id=16"},"modified":"2020-01-09T17:23:59","modified_gmt":"2020-01-09T14:23:59","slug":"bilim-hakem-kurulu","status":"publish","type":"page","link":"https:\/\/emr2020.idu.edu.tr\/index.php\/bilim-hakem-kurulu\/","title":{"rendered":"Bilim\/Hakem Kurulu"},"content":{"rendered":"<p>&nbsp;<\/p>\n<ul>\n<li style=\"list-style-type: none;\">\n<ul>\n<li>Prof. Dr. Akmer Mutlu (Hacettepe \u00dcniversitesi, T\u00fcrkiye)<\/li>\n<li>Prof. Dr. Asiye Durmaz Akyol (Ege \u00dcniversitesi, T\u00fcrkiye)<\/li>\n<li>Prof. Dr. Aynur Uysal Toraman (Ege \u00dcniversitesi, T\u00fcrkiye)<\/li>\n<li>Prof. Dr. Aysegul Bilge (Ege \u00dcniversitesi, T\u00fcrkiye)<\/li>\n<li>Prof. Dr. Aysel Pehlivan (Hali\u00e7 \u00dcniversitesi, T\u00fcrkiye)<\/li>\n<li>Prof. Dr. Bahtiyar \u00d6z\u00e7ald\u0131ran (Ege \u00dcniversitesi, T\u00fcrkiye)<\/li>\n<li>Prof. Dr. Cemal G\u00fcndo\u011fdu (\u0130n\u00f6n\u00fc \u00dcniversitesi, T\u00fcrkiye)<\/li>\n<li>Prof. Dr. Derya \u00d6zer Kaya (\u0130zmir Katip \u00c7elebi \u00dcniversitesi, T\u00fcrkiye)<\/li>\n<li>Prof. Dr. Emel Alphan (Okan \u00dcniversitesi, T\u00fcrkiye)<\/li>\n<li>Prof. Dr. Fatime Geyiko\u011flu (Atat\u00fcrk \u00dcniversitesi, T\u00fcrkiye)<\/li>\n<li>Prof. Dr. Ferdi Ba\u015fkurt (S\u00fcleyman Demirel \u00dcniversitesi, T\u00fcrkiye)<\/li>\n<li>Prof. Dr. Filiz \u00d6\u011fce (\u0130zmir Ekonomi \u00dcniversitesi, T\u00fcrkiye)<\/li>\n<li>Prof. Dr. Fuat Ayd\u0131n (Erciyes \u00dcniversitesi, T\u00fcrkiye)<\/li>\n<li>Prof. Dr. Hasan Halla\u00e7eli (Hatay Mustafa Kemal \u00dcniversitesi, T\u00fcrkiye)<\/li>\n<li>Prof. Dr. Melek Ardahan (\u0130zmir Katip \u00c7elebi \u00dcniversitesi, T\u00fcrkiye)<\/li>\n<li>Prof. Dr. Necmiye \u00dcn Y\u0131ld\u0131r\u0131m (Sa\u011fl\u0131k Bilimleri \u00dcniversitesi, T\u00fcrkiye)<\/li>\n<li>Prof. Dr. Neriman \u0130nan\u00e7 (Nuh Naci Yazgan \u00dcniversitesi, T\u00fcrkiye)<\/li>\n<li>Prof. Dr. Nihal Gelecek (Dokuz Eyl\u00fcl \u00dcniversitesi, T\u00fcrkiye)<\/li>\n<li>Prof. Dr. Nurcan Yabanc\u0131 (Ankara \u00dcniversitesi, T\u00fcrkiye)<\/li>\n<li>Prof. Dr. Nurper \u00d6zbar (D\u00fczce \u00dcniversitesi, T\u00fcrkiye)<\/li>\n<li>Prof. Dr. \u00d6zcan Sayg\u0131n (Mu\u011fla S\u0131tk\u0131 Ko\u00e7man \u00dcniversitesi, T\u00fcrkiye)<\/li>\n<li>Prof. Dr. \u015e\u00fckran \u00d6zkahraman Ko\u00e7 (S\u00fcleyman Demirel \u00dcniversitesi, T\u00fcrkiye)<\/li>\n<li>Prof. Dr. U\u011fur Cavlak (Avrasya \u00dcniversitesi, T\u00fcrkiye)<\/li>\n<li>Prof. Dr. Yahya Polat (Erciyes \u00dcniversitesi, T\u00fcrkiye)<\/li>\n<li>Prof. Dr. Ye\u015fim Bakar (\u0130zmir Bak\u0131r\u00e7ay \u00dcniversitesi, T\u00fcrkiye)<\/li>\n<li>Prof. Dr. Y\u00fcksel Savucu (F\u0131rat \u00dcniversitesi, T\u00fcrkiye)<\/li>\n<li>Do\u00e7. Dr. Aydan Ercan (Trakya \u00dcniversitesi, T\u00fcrkiye)<\/li>\n<li>Do\u00e7. Dr. Burak G\u00fcrer (Gaziantep \u00dcniversitesi, T\u00fcrkiye)<\/li>\n<li>Do\u00e7. Dr. B\u00fclent Elbasan (Gazi \u00dcniversitesi, T\u00fcrkiye)<\/li>\n<li>Do\u00e7. Dr. Cenk Temel (Akdeniz \u00dcniversitesi, T\u00fcrkiye)<\/li>\n<li>Do\u00e7. Dr. Dilek Avc\u0131 (Band\u0131rma 17 Eyl\u00fcl \u00dcniversitesi, T\u00fcrkiye)<\/li>\n<li>Do\u00e7. Dr. Esra Ak\u0131n (\u0130zmir Katip \u00c7elebi \u00dcniversitesi, T\u00fcrkiye)<\/li>\n<li>Do\u00e7. Dr. Eylem T\u00fct\u00fcn Y\u00fcmin (Bolu Abant \u0130zzet Baysal \u00dcniversitesi, T\u00fcrkiye)<\/li>\n<li>Do\u00e7. Dr. G\u00fcl \u00dcnsal (Marmara \u00dcniversitesi, T\u00fcrkiye)<\/li>\n<li>Do\u00e7. Dr. G\u00fcl\u015fah Kaner (\u0130zmir Katip \u00c7elebi \u00dcniversitesi, T\u00fcrkiye)<\/li>\n<li>Do\u00e7. Dr. \u0130lknur G\u00f6l (\u00c7ank\u0131r\u0131 Karatekin \u00dcniversitesi, T\u00fcrkiye)<\/li>\n<li>Do\u00e7. Dr. K\u0131van \u00c7evik (Manisa Celal Bayar \u00dcniversitesi, T\u00fcrkiye)<\/li>\n<li>Do\u00e7. Dr. Leyla Baysan Arabac\u0131 (\u0130zmir Katip \u00c7elebi \u00dcniversitesi, T\u00fcrkiye)<\/li>\n<li>Do\u00e7. Dr. Mehmet Y\u0131lmaz (Atat\u00fcrk \u00dcniversitesi, T\u00fcrkiye)<\/li>\n<li>Do\u00e7. Dr. Melih Kaan S\u00f6zmen (\u0130zmir Katip \u00c7elebi \u00dcniversitesi, T\u00fcrkiye)<\/li>\n<li>Do\u00e7. Dr. Meral K\u00fc\u00e7\u00fck Yetgin (Marmara \u00dcniversitesi, T\u00fcrkiye)<\/li>\n<li>Do\u00e7. Dr. Meri\u00e7 Y\u0131ld\u0131r\u0131m (Dokuz Eyl\u00fcl \u00dcniversitesi, T\u00fcrkiye)<\/li>\n<li>Do\u00e7. Dr. Nurhan Erta\u015f (Erciyes \u00dcniversitesi, T\u00fcrkiye)<\/li>\n<li>Do\u00e7. Dr. Nuriye \u00d6zengin (Bolu Abant \u0130zzet Baysal \u00dcniversitesi, T\u00fcrkiye)<\/li>\n<li>Do\u00e7. Dr. \u00d6zge \u00c7eliker Tosun (Dokuz Eyl\u00fcl \u00dcniversitesi, T\u00fcrkiye)<\/li>\n<li>Do\u00e7. Dr. \u00d6zlem Bilik (Dokuz Eyl\u00fcl \u00dcniversitesi, T\u00fcrkiye)<\/li>\n<li>Do\u00e7. Dr. Pelin Bilgi\u00e7 (Hacettepe \u00dcniversitesi, T\u00fcrkiye)<\/li>\n<li>Do\u00e7. Dr. Se\u00e7il Abay (Erciyes \u00dcniversitesi, T\u00fcrkiye)<\/li>\n<li>Do\u00e7. Dr. Seher \u00d6zy\u00fcrek (Dokuz Eyl\u00fcl \u00dcniversitesi, T\u00fcrkiye)<\/li>\n<li>Do\u00e7. Dr. Serdal \u00d6\u011f\u00fct (Adnan Menderes \u00dcniversitesi, T\u00fcrkiye)<\/li>\n<li>Do\u00e7. Dr. Serkan Bak\u0131rhan (Ege \u00dcniversitesi, T\u00fcrkiye)<\/li>\n<li>Do\u00e7. Dr. Sibel Erg\u00fcn (Bal\u0131kesir \u00dcniversitesi, T\u00fcrkiye)<\/li>\n<li>Do\u00e7. Dr. Yasemin Seval \u00c7elik (\u0130zmir Ekonomi \u00dcniversitesi, T\u00fcrkiye)<\/li>\n<li>Dr. \u00d6\u011fr. \u00dcyesi Aliye Okg\u00fcn Alcan (\u0130zmir Bak\u0131r\u00e7ay \u00dcniversitesi, T\u00fcrkiye)<\/li>\n<li>Dr. \u00d6\u011fr. \u00dcyesi Asl\u0131 Y\u0131lmaz (Atat\u00fcrk \u00dcniversitesi, T\u00fcrkiye)<\/li>\n<li>Dr. \u00d6\u011fr. \u00dcyesi Berna Nilg\u00fcn \u00d6zg\u00fcrsoy Uran (\u0130zmir Katip \u00c7elebi \u00dcniversitesi, T\u00fcrkiye)<\/li>\n<li>Dr. \u00d6\u011fr. \u00dcyesi Elif G\u00fcnay \u0130smailo\u011flu (\u0130zmir Bak\u0131r\u00e7ay \u00dcniversitesi, T\u00fcrkiye)<\/li>\n<li>Dr. \u00d6\u011fr. \u00dcyesi Ferhunde Aysin (Atat\u00fcrk \u00dcniversitesi, T\u00fcrkiye)<\/li>\n<li>Dr. \u00d6\u011fr. \u00dcyesi Hande Ya\u011fcan (Dokuz Eyl\u00fcl \u00dcniversitesi, T\u00fcrkiye)<\/li>\n<li>Dr. \u00d6\u011fr. \u00dcyesi Nilay \u00d6zk\u00fct\u00fck (Ege \u00dcniversitesi, T\u00fcrkiye)<\/li>\n<li>Dr. \u00d6\u011fr. \u00dcyesi Nurdan Ak\u00e7ay Didi\u015fen (Ege \u00dcniversitesi, T\u00fcrkiye)<\/li>\n<li>Dr. \u00d6\u011fr. \u00dcyesi Serpil \u00d6zba\u015f (S\u00fcleyman Demirel \u00dcniversitesi, T\u00fcrkiye)<\/li>\n<li>Dr. \u00d6\u011fr. \u00dcyesi Y\u00fcksel Can \u00d6z (Kocaeli \u00dcniversitesi, T\u00fcrkiye)<\/li>\n<\/ul>\n<\/li>\n<\/ul>\n<p><\/p>","protected":false},"excerpt":{"rendered":"<p>&nbsp; Prof. Dr. Akmer Mutlu (Hacettepe \u00dcniversitesi, T\u00fcrkiye) Prof. Dr. Asiye Durmaz Akyol (Ege \u00dcniversitesi, T\u00fcrkiye) Prof. Dr. Aynur Uysal Toraman (Ege \u00dcniversitesi, T\u00fcrkiye) Prof. Dr. Aysegul Bilge (Ege \u00dcniversitesi, T\u00fcrkiye) Prof. Dr. Aysel Pehlivan (Hali\u00e7 \u00dcniversitesi, T\u00fcrkiye) Prof. Dr. Bahtiyar \u00d6z\u00e7ald\u0131ran (Ege \u00dcniversitesi, T\u00fcrkiye) Prof. Dr. Cemal G\u00fcndo\u011fdu (\u0130n\u00f6n\u00fc \u00dcniversitesi, T\u00fcrkiye) Prof. Dr. Derya \u00d6zer Kaya (\u0130zmir Katip \u00c7elebi \u00dcniversitesi, T\u00fcrkiye) Prof. Dr. Emel Alphan (Okan \u00dcniversitesi, T\u00fcrkiye) Prof. Dr. Fatime Geyiko\u011flu (Atat\u00fcrk \u00dcniversitesi, T\u00fcrkiye) Prof. Dr. Ferdi Ba\u015fkurt (S\u00fcleyman Demirel \u00dcniversitesi, T\u00fcrkiye) Prof. Dr. Filiz \u00d6\u011fce (\u0130zmir Ekonomi \u00dcniversitesi, T\u00fcrkiye) Prof. Dr. Fuat Ayd\u0131n (Erciyes \u00dcniversitesi, T\u00fcrkiye) Prof. Dr. Hasan Halla\u00e7eli (Hatay Mustafa Kemal \u00dcniversitesi, T\u00fcrkiye) Prof. Dr. Melek Ardahan (\u0130zmir Katip \u00c7elebi \u00dcniversitesi, T\u00fcrkiye) Prof. Dr. Necmiye \u00dcn Y\u0131ld\u0131r\u0131m (Sa\u011fl\u0131k Bilimleri \u00dcniversitesi, T\u00fcrkiye) Prof. Dr. Neriman \u0130nan\u00e7 (Nuh Naci Yazgan \u00dcniversitesi, T\u00fcrkiye) Prof. Dr. Nihal Gelecek (Dokuz Eyl\u00fcl \u00dcniversitesi, T\u00fcrkiye) Prof. Dr. Nurcan Yabanc\u0131 (Ankara \u00dcniversitesi, T\u00fcrkiye) Prof. Dr. Nurper \u00d6zbar (D\u00fczce \u00dcniversitesi, T\u00fcrkiye) Prof. Dr. \u00d6zcan Sayg\u0131n (Mu\u011fla S\u0131tk\u0131 Ko\u00e7man \u00dcniversitesi, T\u00fcrkiye) Prof. Dr. \u015e\u00fckran \u00d6zkahraman Ko\u00e7 (S\u00fcleyman Demirel \u00dcniversitesi, T\u00fcrkiye) Prof. Dr. U\u011fur Cavlak (Avrasya \u00dcniversitesi, T\u00fcrkiye) Prof. Dr. Yahya Polat (Erciyes \u00dcniversitesi, T\u00fcrkiye) Prof. Dr. Ye\u015fim Bakar (\u0130zmir Bak\u0131r\u00e7ay \u00dcniversitesi, T\u00fcrkiye) Prof. Dr. Y\u00fcksel Savucu (F\u0131rat \u00dcniversitesi, T\u00fcrkiye) Do\u00e7. Dr. Aydan Ercan (Trakya \u00dcniversitesi, T\u00fcrkiye) Do\u00e7. Dr. Burak G\u00fcrer (Gaziantep \u00dcniversitesi, T\u00fcrkiye) Do\u00e7. Dr. B\u00fclent Elbasan (Gazi \u00dcniversitesi, T\u00fcrkiye) Do\u00e7. Dr. Cenk Temel (Akdeniz \u00dcniversitesi, T\u00fcrkiye) Do\u00e7. Dr. Dilek Avc\u0131 (Band\u0131rma 17 Eyl\u00fcl \u00dcniversitesi, T\u00fcrkiye) Do\u00e7. Dr. Esra Ak\u0131n (\u0130zmir Katip \u00c7elebi \u00dcniversitesi, T\u00fcrkiye) Do\u00e7. Dr. Eylem T\u00fct\u00fcn Y\u00fcmin (Bolu Abant \u0130zzet Baysal \u00dcniversitesi, T\u00fcrkiye) Do\u00e7. Dr. G\u00fcl \u00dcnsal (Marmara \u00dcniversitesi, T\u00fcrkiye) Do\u00e7. Dr. G\u00fcl\u015fah Kaner (\u0130zmir Katip \u00c7elebi \u00dcniversitesi, T\u00fcrkiye) Do\u00e7. Dr. \u0130lknur G\u00f6l (\u00c7ank\u0131r\u0131 Karatekin \u00dcniversitesi, T\u00fcrkiye) Do\u00e7. Dr. K\u0131van \u00c7evik (Manisa Celal Bayar \u00dcniversitesi, T\u00fcrkiye) Do\u00e7. Dr. Leyla Baysan Arabac\u0131 (\u0130zmir Katip \u00c7elebi \u00dcniversitesi, T\u00fcrkiye) Do\u00e7. Dr. Mehmet Y\u0131lmaz (Atat\u00fcrk \u00dcniversitesi, T\u00fcrkiye) Do\u00e7. Dr. Melih Kaan S\u00f6zmen (\u0130zmir Katip \u00c7elebi \u00dcniversitesi, T\u00fcrkiye) Do\u00e7. Dr. Meral K\u00fc\u00e7\u00fck Yetgin (Marmara \u00dcniversitesi, T\u00fcrkiye) Do\u00e7. Dr. Meri\u00e7 Y\u0131ld\u0131r\u0131m (Dokuz Eyl\u00fcl \u00dcniversitesi, T\u00fcrkiye) Do\u00e7. Dr. Nurhan Erta\u015f (Erciyes \u00dcniversitesi, T\u00fcrkiye) Do\u00e7. Dr. Nuriye \u00d6zengin (Bolu Abant \u0130zzet Baysal \u00dcniversitesi, T\u00fcrkiye) Do\u00e7. Dr. \u00d6zge \u00c7eliker Tosun (Dokuz Eyl\u00fcl \u00dcniversitesi, T\u00fcrkiye) Do\u00e7. Dr. \u00d6zlem Bilik (Dokuz Eyl\u00fcl \u00dcniversitesi, T\u00fcrkiye) Do\u00e7. Dr. Pelin Bilgi\u00e7 (Hacettepe \u00dcniversitesi, T\u00fcrkiye) Do\u00e7. Dr. Se\u00e7il Abay (Erciyes \u00dcniversitesi, T\u00fcrkiye) Do\u00e7. Dr. Seher \u00d6zy\u00fcrek (Dokuz Eyl\u00fcl \u00dcniversitesi, T\u00fcrkiye) Do\u00e7. Dr. Serdal \u00d6\u011f\u00fct (Adnan Menderes \u00dcniversitesi, T\u00fcrkiye) Do\u00e7. Dr. Serkan Bak\u0131rhan (Ege \u00dcniversitesi, T\u00fcrkiye) Do\u00e7. Dr. Sibel Erg\u00fcn (Bal\u0131kesir \u00dcniversitesi, T\u00fcrkiye) Do\u00e7. Dr. Yasemin Seval \u00c7elik (\u0130zmir Ekonomi \u00dcniversitesi, T\u00fcrkiye) Dr. \u00d6\u011fr. \u00dcyesi Aliye Okg\u00fcn Alcan (\u0130zmir Bak\u0131r\u00e7ay \u00dcniversitesi, T\u00fcrkiye) Dr. \u00d6\u011fr. \u00dcyesi Asl\u0131 Y\u0131lmaz (Atat\u00fcrk \u00dcniversitesi, T\u00fcrkiye) Dr. \u00d6\u011fr. \u00dcyesi Berna Nilg\u00fcn \u00d6zg\u00fcrsoy Uran (\u0130zmir Katip \u00c7elebi \u00dcniversitesi, T\u00fcrkiye) Dr. \u00d6\u011fr. \u00dcyesi Elif G\u00fcnay \u0130smailo\u011flu (\u0130zmir Bak\u0131r\u00e7ay \u00dcniversitesi, T\u00fcrkiye) Dr. \u00d6\u011fr. \u00dcyesi Ferhunde Aysin (Atat\u00fcrk \u00dcniversitesi, T\u00fcrkiye) Dr. \u00d6\u011fr. \u00dcyesi Hande Ya\u011fcan (Dokuz Eyl\u00fcl \u00dcniversitesi, T\u00fcrkiye) Dr. \u00d6\u011fr. \u00dcyesi Nilay \u00d6zk\u00fct\u00fck (Ege \u00dcniversitesi, T\u00fcrkiye) Dr. \u00d6\u011fr. \u00dcyesi Nurdan Ak\u00e7ay Didi\u015fen (Ege \u00dcniversitesi, T\u00fcrkiye) Dr. \u00d6\u011fr. \u00dcyesi Serpil \u00d6zba\u015f (S\u00fcleyman Demirel \u00dcniversitesi, T\u00fcrkiye) Dr. \u00d6\u011fr. \u00dcyesi Y\u00fcksel Can \u00d6z (Kocaeli \u00dcniversitesi, T\u00fcrkiye)<\/p>\n","protected":false},"author":1,"featured_media":0,"parent":0,"menu_order":0,"comment_status":"closed","ping_status":"closed","template":"","meta":{"footnotes":""},"class_list":["post-16","page","type-page","status-publish","hentry"],"_links":{"self":[{"href":"https:\/\/emr2020.idu.edu.tr\/index.php\/wp-json\/wp\/v2\/pages\/16","targetHints":{"allow":["GET"]}}],"collection":[{"href":"https:\/\/emr2020.idu.edu.tr\/index.php\/wp-json\/wp\/v2\/pages"}],"about":[{"href":"https:\/\/emr2020.idu.edu.tr\/index.php\/wp-json\/wp\/v2\/types\/page"}],"author":[{"embeddable":true,"href":"https:\/\/emr2020.idu.edu.tr\/index.php\/wp-json\/wp\/v2\/users\/1"}],"replies":[{"embeddable":true,"href":"https:\/\/emr2020.idu.edu.tr\/index.php\/wp-json\/wp\/v2\/comments?post=16"}],"version-history":[{"count":24,"href":"https:\/\/emr2020.idu.edu.tr\/index.php\/wp-json\/wp\/v2\/pages\/16\/revisions"}],"predecessor-version":[{"id":469,"href":"https:\/\/emr2020.idu.edu.tr\/index.php\/wp-json\/wp\/v2\/pages\/16\/revisions\/469"}],"wp:attachment":[{"href":"https:\/\/emr2020.idu.edu.tr\/index.php\/wp-json\/wp\/v2\/media?parent=16"}],"curies":[{"name":"wp","href":"https:\/\/api.w.org\/{rel}","templated":true}]}}