{"id":15,"date":"2019-11-15T14:42:07","date_gmt":"2019-11-15T11:42:07","guid":{"rendered":"http:\/\/makon.idu.edu.tr\/?page_id=15"},"modified":"2020-02-06T13:16:49","modified_gmt":"2020-02-06T10:16:49","slug":"duzenleme-kurulu","status":"publish","type":"page","link":"https:\/\/emr2020.idu.edu.tr\/index.php\/duzenleme-kurulu\/","title":{"rendered":"D\u00fczenleme Kurulu"},"content":{"rendered":"<p><strong>SEMPOZYUM ONURSAL BA\u015eKANI\u00a0<\/strong><\/p>\n<p>Prof. Dr. Bedriye TUN\u00c7S\u0130PER; \u0130zmir Demokrasi \u00dcniversitesi Rekt\u00f6r\u00fc, \u0130zmir Demokrasi \u00dcniversitesi, \u0130zmir- T\u00fcrkiye<\/p>\n<p>&nbsp;<\/p>\n<p><strong>SEMPOZYUM BA\u015eKANI\u00a0<\/strong><\/p>\n<p>Dr. \u00d6\u011fr. \u00dcyesi Sevil \u00dcZER; \u0130zmir Demokrasi \u00dcniversitesi, Sa\u011fl\u0131k Bilimleri Fak\u00fcltesi, Fizyoterapi ve Rehabilitasyon B\u00f6l\u00fcm\u00fc, \u0130zmir-T\u00fcrkiye<\/p>\n<p>&nbsp;<\/p>\n<p><strong>SEMPOZYUM D\u00dcZENLEME KURULU<\/strong><\/p>\n<p>Do\u00e7. Dr. Ferruh TA\u015ePINAR; \u0130zmir Demokrasi \u00dcniversitesi, Sa\u011fl\u0131k Bilimleri Fak\u00fcltesi, Fizyoterapi ve Rehabilitasyon B\u00f6l\u00fcm\u00fc, \u0130zmir-T\u00fcrkiye<\/p>\n<p>Do\u00e7. Dr. Bet\u00fcl TA\u015ePINAR; \u0130zmir Demokrasi \u00dcniversitesi, Sa\u011fl\u0131k Bilimleri Fak\u00fcltesi, Fizyoterapi ve Rehabilitasyon B\u00f6l\u00fcm\u00fc, \u0130zmir-T\u00fcrkiye<\/p>\n<p>Do\u00e7. Dr. \u00d6zlem \u00c7\u0130NAR \u00d6ZDEM\u0130R; \u0130zmir Demokrasi \u00dcniversitesi, Sa\u011fl\u0131k Bilimleri Fak\u00fcltesi, Fizyoterapi ve Rehabilitasyon B\u00f6l\u00fcm\u00fc, \u0130zmir-T\u00fcrkiye<\/p>\n<p>Dr. \u00d6\u011fr. \u00dcyesi Sevil \u00dcZER; \u0130zmir Demokrasi \u00dcniversitesi, Sa\u011fl\u0131k Bilimleri Fak\u00fcltesi, Fizyoterapi ve Rehabilitasyon B\u00f6l\u00fcm\u00fc, \u0130zmir-T\u00fcrkiye<\/p>\n<p>&nbsp;<\/p>\n<p><strong>WEB TASARIMI VE TEKN\u0130K DESTEK<\/strong><\/p>\n<p>Metin AKBULUT; \u0130zmir Demokrasi \u00dcniversitesi, Bilgi \u0130\u015flem Daire Ba\u015fkanl\u0131\u011f\u0131, \u0130zmir- T\u00fcrkiye<\/p>","protected":false},"excerpt":{"rendered":"<p>SEMPOZYUM ONURSAL BA\u015eKANI\u00a0 Prof. Dr. Bedriye TUN\u00c7S\u0130PER; \u0130zmir Demokrasi \u00dcniversitesi Rekt\u00f6r\u00fc, \u0130zmir Demokrasi \u00dcniversitesi, \u0130zmir- T\u00fcrkiye &nbsp; SEMPOZYUM BA\u015eKANI\u00a0 Dr. \u00d6\u011fr. \u00dcyesi Sevil \u00dcZER; \u0130zmir Demokrasi \u00dcniversitesi, Sa\u011fl\u0131k Bilimleri Fak\u00fcltesi, Fizyoterapi ve Rehabilitasyon B\u00f6l\u00fcm\u00fc, \u0130zmir-T\u00fcrkiye &nbsp; SEMPOZYUM D\u00dcZENLEME KURULU Do\u00e7. Dr. Ferruh TA\u015ePINAR; \u0130zmir Demokrasi \u00dcniversitesi, Sa\u011fl\u0131k Bilimleri Fak\u00fcltesi, Fizyoterapi ve Rehabilitasyon B\u00f6l\u00fcm\u00fc, \u0130zmir-T\u00fcrkiye Do\u00e7. Dr. Bet\u00fcl TA\u015ePINAR; \u0130zmir Demokrasi \u00dcniversitesi, Sa\u011fl\u0131k Bilimleri Fak\u00fcltesi, Fizyoterapi ve Rehabilitasyon B\u00f6l\u00fcm\u00fc, \u0130zmir-T\u00fcrkiye Do\u00e7. Dr. \u00d6zlem \u00c7\u0130NAR \u00d6ZDEM\u0130R; \u0130zmir Demokrasi \u00dcniversitesi, Sa\u011fl\u0131k Bilimleri Fak\u00fcltesi, Fizyoterapi ve Rehabilitasyon B\u00f6l\u00fcm\u00fc, \u0130zmir-T\u00fcrkiye Dr. \u00d6\u011fr. \u00dcyesi Sevil \u00dcZER; \u0130zmir Demokrasi \u00dcniversitesi, Sa\u011fl\u0131k Bilimleri Fak\u00fcltesi, Fizyoterapi ve Rehabilitasyon B\u00f6l\u00fcm\u00fc, \u0130zmir-T\u00fcrkiye &nbsp; WEB TASARIMI VE TEKN\u0130K DESTEK Metin AKBULUT; \u0130zmir Demokrasi \u00dcniversitesi, Bilgi \u0130\u015flem Daire Ba\u015fkanl\u0131\u011f\u0131, \u0130zmir- T\u00fcrkiye<\/p>\n","protected":false},"author":1,"featured_media":0,"parent":0,"menu_order":0,"comment_status":"closed","ping_status":"closed","template":"","meta":{"footnotes":""},"class_list":["post-15","page","type-page","status-publish","hentry"],"_links":{"self":[{"href":"https:\/\/emr2020.idu.edu.tr\/index.php\/wp-json\/wp\/v2\/pages\/15","targetHints":{"allow":["GET"]}}],"collection":[{"href":"https:\/\/emr2020.idu.edu.tr\/index.php\/wp-json\/wp\/v2\/pages"}],"about":[{"href":"https:\/\/emr2020.idu.edu.tr\/index.php\/wp-json\/wp\/v2\/types\/page"}],"author":[{"embeddable":true,"href":"https:\/\/emr2020.idu.edu.tr\/index.php\/wp-json\/wp\/v2\/users\/1"}],"replies":[{"embeddable":true,"href":"https:\/\/emr2020.idu.edu.tr\/index.php\/wp-json\/wp\/v2\/comments?post=15"}],"version-history":[{"count":45,"href":"https:\/\/emr2020.idu.edu.tr\/index.php\/wp-json\/wp\/v2\/pages\/15\/revisions"}],"predecessor-version":[{"id":688,"href":"https:\/\/emr2020.idu.edu.tr\/index.php\/wp-json\/wp\/v2\/pages\/15\/revisions\/688"}],"wp:attachment":[{"href":"https:\/\/emr2020.idu.edu.tr\/index.php\/wp-json\/wp\/v2\/media?parent=15"}],"curies":[{"name":"wp","href":"https:\/\/api.w.org\/{rel}","templated":true}]}}