{"id":145,"date":"2019-12-24T08:38:49","date_gmt":"2019-12-24T05:38:49","guid":{"rendered":"http:\/\/makon.idu.edu.tr\/?page_id=145"},"modified":"2020-02-22T11:52:02","modified_gmt":"2020-02-22T08:52:02","slug":"bilimsel-program","status":"publish","type":"page","link":"https:\/\/emr2020.idu.edu.tr\/index.php\/bilimsel-program\/","title":{"rendered":"Bilimsel Program"},"content":{"rendered":"<p><\/p>\n<table width=\"100%\">\n<tbody>\n<tr>\n<td width=\"13%\"><\/td>\n<td width=\"86%\"><strong>Program<\/strong><\/td>\n<\/tr>\n<tr>\n<td width=\"13%\">9.00-10.00<\/td>\n<td width=\"86%\">Kay\u0131t<\/td>\n<\/tr>\n<tr>\n<td width=\"13%\">10.00-10.30<\/td>\n<td width=\"86%\">A\u00e7\u0131l\u0131\u015f T\u00f6reni<\/p>\n<p>Sempozyum A\u00e7\u0131l\u0131\u015f Konu\u015fmas\u0131<\/p>\n<p><strong>Prof. Dr. Bedriye Tun\u00e7siper \u0130zmir Demokrasi \u00dcniversitesi Rekt\u00f6r\u00fc<\/strong><\/p>\n<p>Protokol Konu\u015fmalar\u0131<\/td>\n<\/tr>\n<tr>\n<td width=\"13%\"><\/td>\n<td width=\"86%\"><strong>Oturum 1<\/strong><\/p>\n<p><strong>Konu: Riskli Bebek Kimdir?<\/strong><\/p>\n<p><strong>Oturum Ba\u015fkanlar\u0131: \u00a0<\/strong><\/p>\n<p><strong>Prof. Dr. Semra HIZ \u0130zmir Dokuz Eyl\u00fcl \u00dcniversitesi<\/strong><\/p>\n<p><strong>Prof. Dr. Murat ANIL \u0130zmir Demokrasi \u00dcniversitesi<\/strong><\/td>\n<\/tr>\n<tr>\n<td width=\"13%\">10.30-11.00<\/td>\n<td width=\"86%\">\u201c<strong>Riskli Bebeklerde N\u00f6rolojik De\u011ferlendirme<\/strong>\u201d<\/p>\n<p>Prof. Dr. K\u0131v\u0131lc\u0131m G\u00dcC\u00dcYENER, Ankara Gazi \u00dcniversitesi<\/td>\n<\/tr>\n<tr>\n<td width=\"13%\">11.00-11.30<\/td>\n<td width=\"86%\">\u201c<strong>Riskli Bebeklerde N\u00f6romotor De\u011ferlendirme<\/strong>\u201d<\/p>\n<p>Prof. Dr. Akmer MUTLU, Ankara Hacettepe \u00dcniversitesi<\/td>\n<\/tr>\n<tr>\n<td width=\"13%\">11.30-12.00<\/td>\n<td width=\"86%\">\u201c<strong>Riskli Bebekte \u0130\u015fitme De\u011ferlendirmesi<\/strong>\u201d<\/p>\n<p>Do\u00e7. Dr. Pelin P\u0130\u015eTAV AKME\u015eE, \u0130zmir Ege \u00dcniversitesi<\/td>\n<\/tr>\n<tr>\n<td width=\"13%\">12.00-13.00<\/td>\n<td width=\"86%\">Ara<\/td>\n<\/tr>\n<tr>\n<td width=\"13%\"><\/td>\n<td width=\"86%\"><strong>Oturum 2<\/strong><\/p>\n<p><strong>Konu: Yenido\u011fan D\u00f6neminde Multidisipliner Erken M\u00fcdahale ve Rehabilitasyon<\/strong><\/p>\n<p><strong>Oturum Ba\u015fkanlar\u0131: <\/strong><\/p>\n<p><strong>Prof. Dr. Nilg\u00fcn K\u00dcLT\u00dcRSAY \u0130zmir Ege \u00dcniversitesi<\/strong><\/p>\n<p><strong>Prof. Dr. Nuray DUMAN \u0130zmir Dokuz Eyl\u00fcl \u00dcniversitesi<\/strong><\/td>\n<\/tr>\n<tr>\n<td width=\"13%\">13.00-13.30<\/td>\n<td width=\"86%\">\u201c<strong>Yenido\u011fan D\u00f6neminde Klinik Takip<\/strong>\u201d<\/p>\n<p>Uzm. Dr. Bur\u00e7in \u0130\u015eCAN, \u0130zmir T\u0131naztepe \u00dcniversitesi<\/td>\n<\/tr>\n<tr>\n<td width=\"13%\">13.30-14.00<\/td>\n<td width=\"86%\">\u201c<strong>Yenido\u011fan D\u00f6neminde Geli\u015fimsel Bak\u0131m<\/strong>\u201d<\/p>\n<p>Uzm. Hm\u015f. Deniz \u00d6ZDEL \u0130zmir Dokuz Eyl\u00fcl \u00dcniversitesi<\/td>\n<\/tr>\n<tr>\n<td width=\"13%\">14.00-14.30<\/td>\n<td width=\"86%\">\u201c<strong>Yenido\u011fan D\u00f6neminde Fizyoterapi<\/strong>\u201d<\/p>\n<p>Dr. \u00d6\u011fr. \u00dcyesi Sevil \u00dcZER, \u0130zmir Demokrasi \u00dcniversitesi<\/td>\n<\/tr>\n<tr>\n<td width=\"13%\">14.30-15.00<\/td>\n<td width=\"86%\">Ara<\/td>\n<\/tr>\n<tr>\n<td width=\"13%\"><\/td>\n<td width=\"86%\"><strong>Oturum 3<\/strong><\/p>\n<p><strong>Konu: Multidisipliner Erken M\u00fcdahale ve Rehabilitasyon Neleri \u0130\u00e7ermeli?<\/strong><\/p>\n<p><strong>Oturum Ba\u015fkanlar\u0131: <\/strong><\/p>\n<p><strong>Prof. Dr. Nihal OLGA\u00c7 D\u00dcNDAR \u0130zmir Katip \u00c7elebi \u00dcniversitesi<\/strong><\/p>\n<p><strong>Prof. Dr. Hasan TEKG\u00dcL \u0130zmir Ege \u00dcniversitesi<\/strong><\/td>\n<\/tr>\n<tr>\n<td width=\"13%\">15.00-15.30<\/td>\n<td width=\"86%\">\u201c<strong>Riskli Bebeklerde Geli\u015fimsel \u0130zlem ve \u00d6nemi<\/strong>\u201d<\/p>\n<p>Uzm. Dr. Meltem K\u0131v\u0131lc\u0131m, \u0130zmir Dr. Beh\u00e7et Uz \u00c7ocuk Hast. ve Cerrahisi E\u011fitim ve Ara\u015ft\u0131rma Hastanesi<\/td>\n<\/tr>\n<tr>\n<td width=\"13%\">15.30-16.00<\/td>\n<td width=\"86%\">\u201c<strong>Riskli Bebeklerde Erken M\u00fcdahale Y\u00f6ntemleri<\/strong>\u201d<\/p>\n<p>Do\u00e7. Dr. B\u00fclent ELBASAN, Ankara Gazi \u00dcniversitesi<\/td>\n<\/tr>\n<tr>\n<td width=\"13%\">16.00-16.30<\/td>\n<td width=\"86%\">\u201c<strong>Risk \u00d6m\u00fcr Boyu mu<\/strong>?\u201d<\/p>\n<p>Uzm. Fzt. Tuba Derya DO\u011eAN, \u0130stanbul T\u00fcrkiye Spastik \u00c7ocuklar Vakf\u0131 (TS\u00c7V)<\/td>\n<\/tr>\n<tr>\n<td width=\"13%\">16.30<\/td>\n<td width=\"86%\"><strong>KAPANI\u015e<\/strong><\/td>\n<\/tr>\n<\/tbody>\n<\/table>\n<p><\/p>","protected":false},"excerpt":{"rendered":"<p>Program 9.00-10.00 Kay\u0131t 10.00-10.30 A\u00e7\u0131l\u0131\u015f T\u00f6reni Sempozyum A\u00e7\u0131l\u0131\u015f Konu\u015fmas\u0131 Prof. Dr. Bedriye Tun\u00e7siper \u0130zmir Demokrasi \u00dcniversitesi Rekt\u00f6r\u00fc Protokol Konu\u015fmalar\u0131 Oturum 1 Konu: Riskli Bebek Kimdir? Oturum Ba\u015fkanlar\u0131: \u00a0 Prof. Dr. Semra HIZ \u0130zmir Dokuz Eyl\u00fcl \u00dcniversitesi Prof. Dr. Murat ANIL \u0130zmir Demokrasi \u00dcniversitesi 10.30-11.00 \u201cRiskli Bebeklerde N\u00f6rolojik De\u011ferlendirme\u201d Prof. Dr. K\u0131v\u0131lc\u0131m G\u00dcC\u00dcYENER, Ankara Gazi \u00dcniversitesi 11.00-11.30 \u201cRiskli Bebeklerde N\u00f6romotor De\u011ferlendirme\u201d Prof. Dr. Akmer MUTLU, Ankara Hacettepe \u00dcniversitesi 11.30-12.00 \u201cRiskli Bebekte \u0130\u015fitme De\u011ferlendirmesi\u201d Do\u00e7. Dr. Pelin P\u0130\u015eTAV AKME\u015eE, \u0130zmir Ege \u00dcniversitesi 12.00-13.00 Ara Oturum 2 Konu: Yenido\u011fan D\u00f6neminde Multidisipliner Erken M\u00fcdahale ve Rehabilitasyon Oturum Ba\u015fkanlar\u0131: Prof. Dr. Nilg\u00fcn K\u00dcLT\u00dcRSAY \u0130zmir Ege \u00dcniversitesi Prof. Dr. Nuray DUMAN \u0130zmir Dokuz Eyl\u00fcl \u00dcniversitesi 13.00-13.30 \u201cYenido\u011fan D\u00f6neminde Klinik Takip\u201d Uzm. Dr. Bur\u00e7in \u0130\u015eCAN, \u0130zmir T\u0131naztepe \u00dcniversitesi 13.30-14.00 \u201cYenido\u011fan D\u00f6neminde Geli\u015fimsel Bak\u0131m\u201d Uzm. Hm\u015f. Deniz \u00d6ZDEL \u0130zmir Dokuz Eyl\u00fcl \u00dcniversitesi 14.00-14.30 \u201cYenido\u011fan D\u00f6neminde Fizyoterapi\u201d Dr. \u00d6\u011fr. \u00dcyesi Sevil \u00dcZER, \u0130zmir Demokrasi \u00dcniversitesi 14.30-15.00 Ara Oturum 3 Konu: Multidisipliner Erken M\u00fcdahale ve Rehabilitasyon Neleri \u0130\u00e7ermeli? Oturum Ba\u015fkanlar\u0131: Prof. Dr. Nihal OLGA\u00c7 D\u00dcNDAR \u0130zmir Katip \u00c7elebi \u00dcniversitesi Prof. Dr. Hasan TEKG\u00dcL \u0130zmir Ege \u00dcniversitesi 15.00-15.30 \u201cRiskli Bebeklerde Geli\u015fimsel \u0130zlem ve \u00d6nemi\u201d Uzm. Dr. Meltem K\u0131v\u0131lc\u0131m, \u0130zmir Dr. Beh\u00e7et Uz \u00c7ocuk Hast. ve Cerrahisi E\u011fitim ve Ara\u015ft\u0131rma Hastanesi 15.30-16.00 \u201cRiskli Bebeklerde Erken M\u00fcdahale Y\u00f6ntemleri\u201d Do\u00e7. Dr. B\u00fclent ELBASAN, Ankara Gazi \u00dcniversitesi 16.00-16.30 \u201cRisk \u00d6m\u00fcr Boyu mu?\u201d Uzm. Fzt. Tuba Derya DO\u011eAN, \u0130stanbul T\u00fcrkiye Spastik \u00c7ocuklar Vakf\u0131 (TS\u00c7V) 16.30 KAPANI\u015e<\/p>\n","protected":false},"author":1,"featured_media":0,"parent":0,"menu_order":0,"comment_status":"closed","ping_status":"closed","template":"","meta":{"footnotes":""},"class_list":["post-145","page","type-page","status-publish","hentry"],"_links":{"self":[{"href":"https:\/\/emr2020.idu.edu.tr\/index.php\/wp-json\/wp\/v2\/pages\/145","targetHints":{"allow":["GET"]}}],"collection":[{"href":"https:\/\/emr2020.idu.edu.tr\/index.php\/wp-json\/wp\/v2\/pages"}],"about":[{"href":"https:\/\/emr2020.idu.edu.tr\/index.php\/wp-json\/wp\/v2\/types\/page"}],"author":[{"embeddable":true,"href":"https:\/\/emr2020.idu.edu.tr\/index.php\/wp-json\/wp\/v2\/users\/1"}],"replies":[{"embeddable":true,"href":"https:\/\/emr2020.idu.edu.tr\/index.php\/wp-json\/wp\/v2\/comments?post=145"}],"version-history":[{"count":19,"href":"https:\/\/emr2020.idu.edu.tr\/index.php\/wp-json\/wp\/v2\/pages\/145\/revisions"}],"predecessor-version":[{"id":704,"href":"https:\/\/emr2020.idu.edu.tr\/index.php\/wp-json\/wp\/v2\/pages\/145\/revisions\/704"}],"wp:attachment":[{"href":"https:\/\/emr2020.idu.edu.tr\/index.php\/wp-json\/wp\/v2\/media?parent=145"}],"curies":[{"name":"wp","href":"https:\/\/api.w.org\/{rel}","templated":true}]}}